{"id":30,"date":"2026-02-13T19:37:22","date_gmt":"2026-02-13T19:37:22","guid":{"rendered":"https:\/\/nordic-iptv.eu\/?page_id=30"},"modified":"2026-02-22T06:31:42","modified_gmt":"2026-02-22T06:31:42","slug":"kanallista-nordic-iptv","status":"publish","type":"page","link":"https:\/\/nordic-iptv.eu\/se\/kanallista-nordic-iptv\/","title":{"rendered":"Kanallista"},"content":{"rendered":"\t\t<div data-elementor-type=\"wp-page\" data-elementor-id=\"30\" class=\"elementor elementor-30\">\n\t\t\t\t<div class=\"elementor-element elementor-element-a59e0ef e-flex e-con-boxed e-con e-parent\" data-id=\"a59e0ef\" data-element_type=\"container\" data-e-type=\"container\" data-settings=\"{&quot;background_background&quot;:&quot;classic&quot;}\">\n\t\t\t\t\t<div class=\"e-con-inner\">\n\t\t\t\t<div class=\"elementor-element elementor-element-7ce6373 elementor-widget__width-initial elementor-widget elementor-widget-heading\" data-id=\"7ce6373\" data-element_type=\"widget\" data-e-type=\"widget\" data-widget_type=\"heading.default\">\n\t\t\t\t\t<h1 class=\"elementor-heading-title elementor-size-default\">Nordic IPTV\n Kanallista<\/h1>\t\t\t\t<\/div>\n\t\t\t\t<div class=\"elementor-element elementor-element-57ee90b elementor-widget__width-initial elementor-widget elementor-widget-text-editor\" data-id=\"57ee90b\" data-element_type=\"widget\" data-e-type=\"widget\" data-widget_type=\"text-editor.default\">\n\t\t\t\t\t\t\t\t\t<p data-path-to-node=\"3,0\">V\u00e4lkommen till v\u00e5r omfattande kanallista! P\u00e5 Nordic IPTV \u00e4r vi stolta \u00f6ver att erbjuda ett enormt utbud av kanaler som passar alla intressen och \u00f6nskem\u00e5l. Oavsett om du \u00e4lskar sport, filmer, nyheter eller underh\u00e5llning, hittar du allt du beh\u00f6ver h\u00e4r.<\/p>\t\t\t\t\t\t\t\t<\/div>\n\t\t\t\t<div class=\"elementor-element elementor-element-a8111bb elementor-tablet-align-center elementor-widget__width-initial elementor-align-center elementor-widget elementor-widget-button\" data-id=\"a8111bb\" data-element_type=\"widget\" data-e-type=\"widget\" data-widget_type=\"button.default\">\n\t\t\t\t\t\t\t\t\t\t<a class=\"elementor-button elementor-button-link elementor-size-sm\" href=\"https:\/\/nordic-iptv.eu\/nordic-iptv-priser\/\">\n\t\t\t\t\t\t<span class=\"elementor-button-content-wrapper\">\n\t\t\t\t\t\t\t\t\t<span class=\"elementor-button-text\">Skaffa nordiska IPTV-kanaler<\/span>\n\t\t\t\t\t<\/span>\n\t\t\t\t\t<\/a>\n\t\t\t\t\t\t\t\t<\/div>\n\t\t\t\t\t<\/div>\n\t\t\t\t<\/div>\n\t\t<div class=\"elementor-element elementor-element-d346733 e-grid e-con-boxed e-con e-parent\" data-id=\"d346733\" data-element_type=\"container\" data-e-type=\"container\">\n\t\t\t\t\t<div class=\"e-con-inner\">\n\t\t\t\t<div class=\"elementor-element elementor-element-b9ac843 elementor-position-top elementor-widget elementor-widget-image-box\" data-id=\"b9ac843\" data-element_type=\"widget\" data-e-type=\"widget\" data-widget_type=\"image-box.default\">\n\t\t\t\t\t<div class=\"elementor-image-box-wrapper\"><figure class=\"elementor-image-box-img\"><img fetchpriority=\"high\" decoding=\"async\" width=\"512\" height=\"512\" src=\"https:\/\/nordic-iptv.eu\/wp-content\/uploads\/2026\/02\/pngegg.webp\" class=\"attachment-full size-full wp-image-181\" alt=\"\" srcset=\"https:\/\/nordic-iptv.eu\/wp-content\/uploads\/2026\/02\/pngegg.webp 512w, https:\/\/nordic-iptv.eu\/wp-content\/uploads\/2026\/02\/pngegg-300x300.webp 300w, https:\/\/nordic-iptv.eu\/wp-content\/uploads\/2026\/02\/pngegg-100x100.webp 100w, https:\/\/nordic-iptv.eu\/wp-content\/uploads\/2026\/02\/pngegg-150x150.webp 150w\" sizes=\"(max-width: 512px) 100vw, 512px\" \/><\/figure><div class=\"elementor-image-box-content\"><h3 class=\"elementor-image-box-title\">Filmkanaler<\/h3><p class=\"elementor-image-box-description\">Utforska v\u00e5rt enorma utbud av filmkanaler, med allt fr\u00e5n de senaste storfilmerna till tidl\u00f6sa klassiker. Upplev k\u00e4nslan av en biosalong direkt i ditt eget hem med Nordic IPTV.<\/p><\/div><\/div>\t\t\t\t<\/div>\n\t\t\t\t<div class=\"elementor-element elementor-element-ac836b9 elementor-position-top elementor-widget elementor-widget-image-box\" data-id=\"ac836b9\" data-element_type=\"widget\" data-e-type=\"widget\" data-widget_type=\"image-box.default\">\n\t\t\t\t\t<div class=\"elementor-image-box-wrapper\"><figure class=\"elementor-image-box-img\"><img decoding=\"async\" width=\"1024\" height=\"1024\" src=\"https:\/\/nordic-iptv.eu\/wp-content\/uploads\/2026\/02\/Sport_balls.svg-1024x1024-1.webp\" class=\"attachment-full size-full wp-image-178\" alt=\"nordic iptv\" srcset=\"https:\/\/nordic-iptv.eu\/wp-content\/uploads\/2026\/02\/Sport_balls.svg-1024x1024-1.webp 1024w, https:\/\/nordic-iptv.eu\/wp-content\/uploads\/2026\/02\/Sport_balls.svg-1024x1024-1-300x300.webp 300w, https:\/\/nordic-iptv.eu\/wp-content\/uploads\/2026\/02\/Sport_balls.svg-1024x1024-1-100x100.webp 100w, https:\/\/nordic-iptv.eu\/wp-content\/uploads\/2026\/02\/Sport_balls.svg-1024x1024-1-600x600.webp 600w, https:\/\/nordic-iptv.eu\/wp-content\/uploads\/2026\/02\/Sport_balls.svg-1024x1024-1-150x150.webp 150w, https:\/\/nordic-iptv.eu\/wp-content\/uploads\/2026\/02\/Sport_balls.svg-1024x1024-1-768x768.webp 768w\" sizes=\"(max-width: 1024px) 100vw, 1024px\" \/><\/figure><div class=\"elementor-image-box-content\"><h3 class=\"elementor-image-box-title\">Sportkanaler<\/h3><p class=\"elementor-image-box-description\">Upplev sp\u00e4nningen i livesport med v\u00e5rt omfattande utbud av sportkanaler. Fr\u00e5n fotboll och hockey till Formel 1 och tennis \u2013 vi t\u00e4cker alla stora sportevenemang fr\u00e5n hela v\u00e4rlden i Ultra HD.<\/p><\/div><\/div>\t\t\t\t<\/div>\n\t\t\t\t<div class=\"elementor-element elementor-element-f4a1d4c elementor-position-top elementor-widget elementor-widget-image-box\" data-id=\"f4a1d4c\" data-element_type=\"widget\" data-e-type=\"widget\" data-widget_type=\"image-box.default\">\n\t\t\t\t\t<div class=\"elementor-image-box-wrapper\"><figure class=\"elementor-image-box-img\"><img decoding=\"async\" width=\"800\" height=\"640\" src=\"https:\/\/nordic-iptv.eu\/wp-content\/uploads\/2026\/02\/pngegg-1-1.webp\" class=\"attachment-full size-full wp-image-182\" alt=\"nordic iptv\" srcset=\"https:\/\/nordic-iptv.eu\/wp-content\/uploads\/2026\/02\/pngegg-1-1.webp 800w, https:\/\/nordic-iptv.eu\/wp-content\/uploads\/2026\/02\/pngegg-1-1-600x480.webp 600w, https:\/\/nordic-iptv.eu\/wp-content\/uploads\/2026\/02\/pngegg-1-1-300x240.webp 300w, https:\/\/nordic-iptv.eu\/wp-content\/uploads\/2026\/02\/pngegg-1-1-768x614.webp 768w\" sizes=\"(max-width: 800px) 100vw, 800px\" \/><\/figure><div class=\"elementor-image-box-content\"><h3 class=\"elementor-image-box-title\">Nyhetskanaler<\/h3><p class=\"elementor-image-box-description\">H\u00e5ll dig uppdaterad dygnet runt med v\u00e5ra nyhetskanaler. F\u00e5 de senaste uppdateringarna, djupg\u00e5ende analyser och senaste nytt fr\u00e5n betrodda globala k\u00e4llor.<\/p><\/div><\/div>\t\t\t\t<\/div>\n\t\t\t\t<div class=\"elementor-element elementor-element-9ff97d7 elementor-position-top elementor-widget elementor-widget-image-box\" data-id=\"9ff97d7\" data-element_type=\"widget\" data-e-type=\"widget\" data-widget_type=\"image-box.default\">\n\t\t\t\t\t<div class=\"elementor-image-box-wrapper\"><figure class=\"elementor-image-box-img\"><img loading=\"lazy\" decoding=\"async\" width=\"343\" height=\"400\" src=\"https:\/\/nordic-iptv.eu\/wp-content\/uploads\/2026\/02\/pngegg-1.webp\" class=\"attachment-full size-full wp-image-180\" alt=\"\" srcset=\"https:\/\/nordic-iptv.eu\/wp-content\/uploads\/2026\/02\/pngegg-1.webp 343w, https:\/\/nordic-iptv.eu\/wp-content\/uploads\/2026\/02\/pngegg-1-257x300.webp 257w\" sizes=\"(max-width: 343px) 100vw, 343px\" \/><\/figure><div class=\"elementor-image-box-content\"><h3 class=\"elementor-image-box-title\">Barnkanaler<\/h3><p class=\"elementor-image-box-description\">Vi erbjuder ett s\u00e4kert och roligt urval av barnkanaler fyllda med pedagogiska program, tecknat och familjev\u00e4nliga filmer som h\u00e5ller de sm\u00e5 underh\u00e5llna.<\/p><\/div><\/div>\t\t\t\t<\/div>\n\t\t\t\t<div class=\"elementor-element elementor-element-2452c6a elementor-position-top elementor-widget elementor-widget-image-box\" data-id=\"2452c6a\" data-element_type=\"widget\" data-e-type=\"widget\" data-widget_type=\"image-box.default\">\n\t\t\t\t\t<div class=\"elementor-image-box-wrapper\"><figure class=\"elementor-image-box-img\"><img loading=\"lazy\" decoding=\"async\" width=\"601\" height=\"601\" src=\"https:\/\/nordic-iptv.eu\/wp-content\/uploads\/2026\/02\/Entertainment-Industry.webp\" class=\"attachment-full size-full wp-image-179\" alt=\"\" srcset=\"https:\/\/nordic-iptv.eu\/wp-content\/uploads\/2026\/02\/Entertainment-Industry.webp 601w, https:\/\/nordic-iptv.eu\/wp-content\/uploads\/2026\/02\/Entertainment-Industry-300x300.webp 300w, https:\/\/nordic-iptv.eu\/wp-content\/uploads\/2026\/02\/Entertainment-Industry-100x100.webp 100w, https:\/\/nordic-iptv.eu\/wp-content\/uploads\/2026\/02\/Entertainment-Industry-150x150.webp 150w\" sizes=\"(max-width: 601px) 100vw, 601px\" \/><\/figure><div class=\"elementor-image-box-content\"><h3 class=\"elementor-image-box-title\">Underh\u00e5llning<\/h3><p class=\"elementor-image-box-description\">Fr\u00e5n reality-serier till sp\u00e4nnande draman \u2013 v\u00e5ra underh\u00e5llningskanaler erbjuder ett brett utbud av inneh\u00e5ll. Njut av popul\u00e4ra TV-shower, talkshows och mycket mer.<\/p><\/div><\/div>\t\t\t\t<\/div>\n\t\t\t\t<div class=\"elementor-element elementor-element-4697c74 elementor-position-top elementor-widget elementor-widget-image-box\" data-id=\"4697c74\" data-element_type=\"widget\" data-e-type=\"widget\" data-widget_type=\"image-box.default\">\n\t\t\t\t\t<div class=\"elementor-image-box-wrapper\"><figure class=\"elementor-image-box-img\"><img loading=\"lazy\" decoding=\"async\" width=\"800\" height=\"800\" src=\"https:\/\/nordic-iptv.eu\/wp-content\/uploads\/2026\/02\/pngegg-4.webp\" class=\"attachment-full size-full wp-image-183\" alt=\"\" srcset=\"https:\/\/nordic-iptv.eu\/wp-content\/uploads\/2026\/02\/pngegg-4.webp 800w, https:\/\/nordic-iptv.eu\/wp-content\/uploads\/2026\/02\/pngegg-4-300x300.webp 300w, https:\/\/nordic-iptv.eu\/wp-content\/uploads\/2026\/02\/pngegg-4-100x100.webp 100w, https:\/\/nordic-iptv.eu\/wp-content\/uploads\/2026\/02\/pngegg-4-600x600.webp 600w, https:\/\/nordic-iptv.eu\/wp-content\/uploads\/2026\/02\/pngegg-4-150x150.webp 150w, https:\/\/nordic-iptv.eu\/wp-content\/uploads\/2026\/02\/pngegg-4-768x768.webp 768w\" sizes=\"(max-width: 800px) 100vw, 800px\" \/><\/figure><div class=\"elementor-image-box-content\"><h3 class=\"elementor-image-box-title\">Musikkanaler<\/h3><p class=\"elementor-image-box-description\">Lyssna p\u00e5 v\u00e5ra musikkanaler med en varierad mix av genrer. Oavsett om du gillar pop, rock, jazz eller klassiskt, finns det n\u00e5got f\u00f6r varje musik\u00e4lskare.<\/p><\/div><\/div>\t\t\t\t<\/div>\n\t\t\t\t\t<\/div>\n\t\t\t\t<\/div>\n\t\t\t\t<\/div>\n\t\t","protected":false},"excerpt":{"rendered":"<p>Nordic IPTV Kanallista V\u00e4lkommen till v\u00e5r omfattande kanallista! P\u00e5 Nordic IPTV \u00e4r vi stolta \u00f6ver att erbjuda ett enormt utbud [&hellip;]<\/p>\n","protected":false},"author":1,"featured_media":0,"parent":0,"menu_order":0,"comment_status":"closed","ping_status":"closed","template":"elementor_header_footer","meta":{"_uag_custom_page_level_css":"","site-sidebar-layout":"no-sidebar","site-content-layout":"","ast-site-content-layout":"full-width-container","site-content-style":"default","site-sidebar-style":"default","ast-global-header-display":"","ast-banner-title-visibility":"","ast-main-header-display":"","ast-hfb-above-header-display":"","ast-hfb-below-header-display":"","ast-hfb-mobile-header-display":"","site-post-title":"","ast-breadcrumbs-content":"","ast-featured-img":"disabled","footer-sml-layout":"","ast-disable-related-posts":"","theme-transparent-header-meta":"","adv-header-id-meta":"","stick-header-meta":"","header-above-stick-meta":"","header-main-stick-meta":"","header-below-stick-meta":"","astra-migrate-meta-layouts":"default","ast-page-background-enabled":"default","ast-page-background-meta":{"desktop":{"background-color":"var(--ast-global-color-5)","background-image":"","background-repeat":"repeat","background-position":"center center","background-size":"auto","background-attachment":"scroll","background-type":"","background-media":"","overlay-type":"","overlay-color":"","overlay-opacity":"","overlay-gradient":""},"tablet":{"background-color":"","background-image":"","background-repeat":"repeat","background-position":"center center","background-size":"auto","background-attachment":"scroll","background-type":"","background-media":"","overlay-type":"","overlay-color":"","overlay-opacity":"","overlay-gradient":""},"mobile":{"background-color":"","background-image":"","background-repeat":"repeat","background-position":"center center","background-size":"auto","background-attachment":"scroll","background-type":"","background-media":"","overlay-type":"","overlay-color":"","overlay-opacity":"","overlay-gradient":""}},"ast-content-background-meta":{"desktop":{"background-color":"var(--ast-global-color-4)","background-image":"","background-repeat":"repeat","background-position":"center center","background-size":"auto","background-attachment":"scroll","background-type":"","background-media":"","overlay-type":"","overlay-color":"","overlay-opacity":"","overlay-gradient":""},"tablet":{"background-color":"var(--ast-global-color-4)","background-image":"","background-repeat":"repeat","background-position":"center center","background-size":"auto","background-attachment":"scroll","background-type":"","background-media":"","overlay-type":"","overlay-color":"","overlay-opacity":"","overlay-gradient":""},"mobile":{"background-color":"var(--ast-global-color-4)","background-image":"","background-repeat":"repeat","background-position":"center center","background-size":"auto","background-attachment":"scroll","background-type":"","background-media":"","overlay-type":"","overlay-color":"","overlay-opacity":"","overlay-gradient":""}},"footnotes":""},"class_list":["post-30","page","type-page","status-publish","hentry"],"uagb_featured_image_src":{"full":false,"thumbnail":false,"medium":false,"medium_large":false,"large":false,"1536x1536":false,"2048x2048":false,"woocommerce_thumbnail":false,"woocommerce_single":false,"woocommerce_gallery_thumbnail":false},"uagb_author_info":{"display_name":"lahsenmadara@gmail.com","author_link":"https:\/\/nordic-iptv.eu\/se\/author\/lahsenmadaragmail-com\/"},"uagb_comment_info":0,"uagb_excerpt":"Nordic IPTV Kanallista V\u00e4lkommen till v\u00e5r omfattande kanallista! P\u00e5 Nordic IPTV \u00e4r vi stolta \u00f6ver att erbjuda ett enormt utbud [&hellip;]","jetpack_sharing_enabled":true,"_links":{"self":[{"href":"https:\/\/nordic-iptv.eu\/se\/wp-json\/wp\/v2\/pages\/30","targetHints":{"allow":["GET"]}}],"collection":[{"href":"https:\/\/nordic-iptv.eu\/se\/wp-json\/wp\/v2\/pages"}],"about":[{"href":"https:\/\/nordic-iptv.eu\/se\/wp-json\/wp\/v2\/types\/page"}],"author":[{"embeddable":true,"href":"https:\/\/nordic-iptv.eu\/se\/wp-json\/wp\/v2\/users\/1"}],"replies":[{"embeddable":true,"href":"https:\/\/nordic-iptv.eu\/se\/wp-json\/wp\/v2\/comments?post=30"}],"version-history":[{"count":8,"href":"https:\/\/nordic-iptv.eu\/se\/wp-json\/wp\/v2\/pages\/30\/revisions"}],"predecessor-version":[{"id":223,"href":"https:\/\/nordic-iptv.eu\/se\/wp-json\/wp\/v2\/pages\/30\/revisions\/223"}],"wp:attachment":[{"href":"https:\/\/nordic-iptv.eu\/se\/wp-json\/wp\/v2\/media?parent=30"}],"curies":[{"name":"wp","href":"https:\/\/api.w.org\/{rel}","templated":true}]}}