{"id":304,"date":"2026-02-25T02:36:01","date_gmt":"2026-02-25T02:36:01","guid":{"rendered":"https:\/\/nordic-iptv.eu\/?page_id=304"},"modified":"2026-02-25T02:36:23","modified_gmt":"2026-02-25T02:36:23","slug":"aaterbetalningspolicy","status":"publish","type":"page","link":"https:\/\/nordic-iptv.eu\/se\/aaterbetalningspolicy\/","title":{"rendered":"\u00c5terbetalningspolicy"},"content":{"rendered":"\t\t<div data-elementor-type=\"wp-page\" data-elementor-id=\"304\" class=\"elementor elementor-304\">\n\t\t\t\t<div class=\"elementor-element elementor-element-d0893b3 e-con-full e-flex e-con e-parent\" data-id=\"d0893b3\" data-element_type=\"container\" data-e-type=\"container\" data-settings=\"{&quot;background_background&quot;:&quot;classic&quot;}\">\n\t\t\t\t<div class=\"elementor-element elementor-element-0aedfa5 elementor-widget__width-initial elementor-widget elementor-widget-heading\" data-id=\"0aedfa5\" data-element_type=\"widget\" data-e-type=\"widget\" data-widget_type=\"heading.default\">\n\t\t\t\t\t<h1 class=\"elementor-heading-title elementor-size-default\">Nordic IPTV-\u00c5terbetalningspolicy     <\/h1>\t\t\t\t<\/div>\n\t\t\t\t<\/div>\n\t\t<div class=\"elementor-element elementor-element-bd38a17 e-flex e-con-boxed e-con e-parent\" data-id=\"bd38a17\" data-element_type=\"container\" data-e-type=\"container\">\n\t\t\t\t\t<div class=\"e-con-inner\">\n\t\t\t\t<div class=\"elementor-element elementor-element-b2ef3dd elementor-widget elementor-widget-text-editor\" data-id=\"b2ef3dd\" data-element_type=\"widget\" data-e-type=\"widget\" data-widget_type=\"text-editor.default\">\n\t\t\t\t\t\t\t\t\t<h6 data-path-to-node=\"3\"><strong>G\u00e4ller fr\u00e5n och med: 2026-08-01<\/strong><\/h6><p>\u00a0<\/p><h3 data-path-to-node=\"4\"><b data-path-to-node=\"4\" data-index-in-node=\"0\">1. \u00d6versikt<\/b><\/h3><p data-path-to-node=\"5\">Vi p\u00e5 Nordic IPTV str\u00e4var efter att erbjuda tj\u00e4nster av h\u00f6gsta kvalitet till v\u00e5ra kunder. Om du inte \u00e4r n\u00f6jd med din tj\u00e4nst erbjuder vi en 30-dagars \u00e5terbetalningspolicy. Det inneb\u00e4r att du har 30 dagar p\u00e5 dig efter att du har aktiverat din tj\u00e4nst att beg\u00e4ra en \u00e5terbetalning.<\/p><h3 data-path-to-node=\"6\"><b data-path-to-node=\"6\" data-index-in-node=\"0\">2. Hur du beg\u00e4r en \u00e5terbetalning<\/b><\/h3><p data-path-to-node=\"7\">F\u00f6r att beg\u00e4ra en \u00e5terbetalning, v\u00e4nligen kontakta oss direkt via v\u00e5r supportkanal p\u00e5 WhatsApp eller skicka ett e-postmeddelande till v\u00e5r supportavdelning.<\/p><h3 data-path-to-node=\"8\"><b data-path-to-node=\"8\" data-index-in-node=\"0\">3. Tekniska problem som kan l\u00f6sas<\/b><\/h3><p data-path-to-node=\"9\">V\u00e4nligen notera att om de problem du upplever kan \u00e5tg\u00e4rdas via v\u00e5r tekniska support, f\u00f6rbeh\u00e5ller vi oss r\u00e4tten att neka din \u00e5terbetalningsbeg\u00e4ran genom att erbjuda en teknisk l\u00f6sning. Vi \u00e4r dedikerade till att se till att din tj\u00e4nst fungerar som f\u00f6rv\u00e4ntat och kommer att arbeta flitigt f\u00f6r att l\u00f6sa eventuella problem du kan st\u00f6ta p\u00e5.<\/p><h3 data-path-to-node=\"10\"><b data-path-to-node=\"10\" data-index-in-node=\"0\">4. \u00c5terbetalningsprocess<\/b><\/h3><p data-path-to-node=\"11\">N\u00e4r vi har mottagit och granskat din beg\u00e4ran kommer vi att meddela dig om den har godk\u00e4nts eller avslagits.<\/p><ul data-path-to-node=\"12\"><li><p data-path-to-node=\"12,0,0\">Vid godk\u00e4nnande: Din \u00e5terbetalning kommer att behandlas automatiskt via din ursprungliga betalningsmetod inom 3\u20135 arbetsdagar.<\/p><\/li><li><p data-path-to-node=\"12,1,0\">Observera: Det kan ta ytterligare tid f\u00f6r din bank eller ditt kreditkortsf\u00f6retag att behandla och bokf\u00f6ra transaktionen.<\/p><\/li><\/ul><h3 data-path-to-node=\"13\"><b data-path-to-node=\"13\" data-index-in-node=\"0\">5. F\u00f6rsenade \u00e5terbet<\/b><b data-path-to-node=\"13\" data-index-in-node=\"0\">alningar<\/b><\/h3><p data-path-to-node=\"14\">Om det har g\u00e5tt mer \u00e4n 7 arbetsdagar sedan vi godk\u00e4nde din \u00e5terbetalning och du fortfarande inte har f\u00e5tt den, v\u00e4nligen kontakta oss p\u00e5: support@nordic-iptv.eu<\/p>\t\t\t\t\t\t\t\t<\/div>\n\t\t\t\t\t<\/div>\n\t\t\t\t<\/div>\n\t\t\t\t<\/div>\n\t\t","protected":false},"excerpt":{"rendered":"<p>Nordic IPTV-\u00c5terbetalningspolicy G\u00e4ller fr\u00e5n och med: 2026-08-01 \u00a0 1. \u00d6versikt Vi p\u00e5 Nordic IPTV str\u00e4var efter att erbjuda tj\u00e4nster av [&hellip;]<\/p>\n","protected":false},"author":1,"featured_media":0,"parent":0,"menu_order":0,"comment_status":"closed","ping_status":"closed","template":"elementor_header_footer","meta":{"_uag_custom_page_level_css":"","site-sidebar-layout":"no-sidebar","site-content-layout":"","ast-site-content-layout":"full-width-container","site-content-style":"default","site-sidebar-style":"default","ast-global-header-display":"","ast-banner-title-visibility":"","ast-main-header-display":"","ast-hfb-above-header-display":"","ast-hfb-below-header-display":"","ast-hfb-mobile-header-display":"","site-post-title":"","ast-breadcrumbs-content":"","ast-featured-img":"disabled","footer-sml-layout":"","ast-disable-related-posts":"","theme-transparent-header-meta":"","adv-header-id-meta":"","stick-header-meta":"","header-above-stick-meta":"","header-main-stick-meta":"","header-below-stick-meta":"","astra-migrate-meta-layouts":"default","ast-page-background-enabled":"default","ast-page-background-meta":{"desktop":{"background-color":"var(--ast-global-color-5)","background-image":"","background-repeat":"repeat","background-position":"center center","background-size":"auto","background-attachment":"scroll","background-type":"","background-media":"","overlay-type":"","overlay-color":"","overlay-opacity":"","overlay-gradient":""},"tablet":{"background-color":"","background-image":"","background-repeat":"repeat","background-position":"center center","background-size":"auto","background-attachment":"scroll","background-type":"","background-media":"","overlay-type":"","overlay-color":"","overlay-opacity":"","overlay-gradient":""},"mobile":{"background-color":"","background-image":"","background-repeat":"repeat","background-position":"center center","background-size":"auto","background-attachment":"scroll","background-type":"","background-media":"","overlay-type":"","overlay-color":"","overlay-opacity":"","overlay-gradient":""}},"ast-content-background-meta":{"desktop":{"background-color":"var(--ast-global-color-4)","background-image":"","background-repeat":"repeat","background-position":"center center","background-size":"auto","background-attachment":"scroll","background-type":"","background-media":"","overlay-type":"","overlay-color":"","overlay-opacity":"","overlay-gradient":""},"tablet":{"background-color":"var(--ast-global-color-4)","background-image":"","background-repeat":"repeat","background-position":"center center","background-size":"auto","background-attachment":"scroll","background-type":"","background-media":"","overlay-type":"","overlay-color":"","overlay-opacity":"","overlay-gradient":""},"mobile":{"background-color":"var(--ast-global-color-4)","background-image":"","background-repeat":"repeat","background-position":"center center","background-size":"auto","background-attachment":"scroll","background-type":"","background-media":"","overlay-type":"","overlay-color":"","overlay-opacity":"","overlay-gradient":""}},"footnotes":""},"class_list":["post-304","page","type-page","status-publish","hentry"],"uagb_featured_image_src":{"full":false,"thumbnail":false,"medium":false,"medium_large":false,"large":false,"1536x1536":false,"2048x2048":false,"woocommerce_thumbnail":false,"woocommerce_single":false,"woocommerce_gallery_thumbnail":false},"uagb_author_info":{"display_name":"lahsenmadara@gmail.com","author_link":"https:\/\/nordic-iptv.eu\/se\/author\/lahsenmadaragmail-com\/"},"uagb_comment_info":0,"uagb_excerpt":"Nordic IPTV-\u00c5terbetalningspolicy G\u00e4ller fr\u00e5n och med: 2026-08-01 \u00a0 1. \u00d6versikt Vi p\u00e5 Nordic IPTV str\u00e4var efter att erbjuda tj\u00e4nster av [&hellip;]","jetpack_sharing_enabled":true,"_links":{"self":[{"href":"https:\/\/nordic-iptv.eu\/se\/wp-json\/wp\/v2\/pages\/304","targetHints":{"allow":["GET"]}}],"collection":[{"href":"https:\/\/nordic-iptv.eu\/se\/wp-json\/wp\/v2\/pages"}],"about":[{"href":"https:\/\/nordic-iptv.eu\/se\/wp-json\/wp\/v2\/types\/page"}],"author":[{"embeddable":true,"href":"https:\/\/nordic-iptv.eu\/se\/wp-json\/wp\/v2\/users\/1"}],"replies":[{"embeddable":true,"href":"https:\/\/nordic-iptv.eu\/se\/wp-json\/wp\/v2\/comments?post=304"}],"version-history":[{"count":7,"href":"https:\/\/nordic-iptv.eu\/se\/wp-json\/wp\/v2\/pages\/304\/revisions"}],"predecessor-version":[{"id":313,"href":"https:\/\/nordic-iptv.eu\/se\/wp-json\/wp\/v2\/pages\/304\/revisions\/313"}],"wp:attachment":[{"href":"https:\/\/nordic-iptv.eu\/se\/wp-json\/wp\/v2\/media?parent=304"}],"curies":[{"name":"wp","href":"https:\/\/api.w.org\/{rel}","templated":true}]}}