{"id":314,"date":"2026-02-25T02:53:53","date_gmt":"2026-02-25T02:53:53","guid":{"rendered":"https:\/\/nordic-iptv.eu\/?page_id=314"},"modified":"2026-02-25T03:02:03","modified_gmt":"2026-02-25T03:02:03","slug":"anvandarvillkor","status":"publish","type":"page","link":"https:\/\/nordic-iptv.eu\/se\/anvandarvillkor\/","title":{"rendered":"Anv\u00e4ndarvillkor"},"content":{"rendered":"\t\t<div data-elementor-type=\"wp-page\" data-elementor-id=\"314\" class=\"elementor elementor-314\">\n\t\t\t\t<div class=\"elementor-element elementor-element-c1221c9 e-con-full e-flex e-con e-parent\" data-id=\"c1221c9\" data-element_type=\"container\" data-e-type=\"container\" data-settings=\"{&quot;background_background&quot;:&quot;classic&quot;}\">\n\t\t\t\t<div class=\"elementor-element elementor-element-455e99c elementor-widget__width-initial elementor-widget elementor-widget-heading\" data-id=\"455e99c\" data-element_type=\"widget\" data-e-type=\"widget\" data-widget_type=\"heading.default\">\n\t\t\t\t\t<h2 class=\"elementor-heading-title elementor-size-default\">Nordic IPTV-Anv\u00e4ndarvillkor     <\/h2>\t\t\t\t<\/div>\n\t\t\t\t<\/div>\n\t\t<div class=\"elementor-element elementor-element-a80d064 e-flex e-con-boxed e-con e-parent\" data-id=\"a80d064\" data-element_type=\"container\" data-e-type=\"container\">\n\t\t\t\t\t<div class=\"e-con-inner\">\n\t\t\t\t<div class=\"elementor-element elementor-element-a9130c6 elementor-widget elementor-widget-text-editor\" data-id=\"a9130c6\" data-element_type=\"widget\" data-e-type=\"widget\" data-widget_type=\"text-editor.default\">\n\t\t\t\t\t\t\t\t\t<h3 data-path-to-node=\"4\"><b data-path-to-node=\"4\" data-index-in-node=\"0\">1. Godk\u00e4nnande av villkor<\/b><\/h3><p>\u00a0<\/p><p data-path-to-node=\"5\">V\u00e4lkommen till Nordic IPTV. Genom att anv\u00e4nda v\u00e5r webbplats och v\u00e5ra tj\u00e4nster godk\u00e4nner du att du \u00e4r bunden av dessa anv\u00e4ndarvillkor. Om du inte godk\u00e4nner dessa villkor f\u00e5r du inte anv\u00e4nda tj\u00e4nsten.<\/p><h3 data-path-to-node=\"6\"><b data-path-to-node=\"6\" data-index-in-node=\"0\">2. \u00c4ndringar av villkor<\/b><\/h3><p>\u00a0<\/p><p data-path-to-node=\"7\">Vi f\u00f6rbeh\u00e5ller oss r\u00e4tten att n\u00e4r som helst \u00e4ndra eller ers\u00e4tta dessa villkor. Vid v\u00e4sentliga \u00e4ndringar kommer vi att meddela detta minst 30 dagar innan de nya villkoren tr\u00e4der i kraft.<\/p><h3 data-path-to-node=\"8\"><b data-path-to-node=\"8\" data-index-in-node=\"0\">3. Anv\u00e4ndning av tj\u00e4nsten<\/b><\/h3><p>\u00a0<\/p><p data-path-to-node=\"9\">Tj\u00e4nsten f\u00e5r endast anv\u00e4ndas i enlighet med dessa villkor och g\u00e4llande lagstiftning. Tj\u00e4nsten \u00e4r endast tillg\u00e4nglig f\u00f6r personer som \u00e4r minst 18 \u00e5r gamla.<\/p><h3 data-path-to-node=\"10\"><b data-path-to-node=\"10\" data-index-in-node=\"0\">4. Kontoregistrering<\/b><\/h3><p>\u00a0<\/p><p data-path-to-node=\"11\">Du kan beh\u00f6va skapa ett konto f\u00f6r att anv\u00e4nda vissa funktioner. Du ansvarar f\u00f6r att tillhandah\u00e5lla korrekt och fullst\u00e4ndig information samt att h\u00e5lla dina inloggningsuppgifter s\u00e4kra.<\/p><h3 data-path-to-node=\"12\"><b data-path-to-node=\"12\" data-index-in-node=\"0\">5. Prenumeration och fakturering<\/b><\/h3><p>\u00a0<\/p><p data-path-to-node=\"13\">Vissa delar av tj\u00e4nsten debiteras via prenumeration. Du faktureras i f\u00f6rskott p\u00e5 \u00e5terkommande basis (m\u00e5nadsvis eller \u00e5rsvis) beroende p\u00e5 vilken plan du v\u00e4ljer vid k\u00f6pet.<\/p><h3 data-path-to-node=\"14\"><b data-path-to-node=\"14\" data-index-in-node=\"0\">6. Gratis testperiod (Free Trial)<\/b><\/h3><p>\u00a0<\/p><p data-path-to-node=\"15\"><b data-path-to-node=\"15\" data-index-in-node=\"0\">Nordic IPTV<\/b> kan erbjuda en gratis testperiod under en begr\u00e4nsad tid. Vi f\u00f6rbeh\u00e5ller oss r\u00e4tten att kr\u00e4va viss information f\u00f6r att aktivera testperioden f\u00f6r att f\u00f6rhindra missbruk.<\/p><h3 data-path-to-node=\"16\"><b data-path-to-node=\"16\" data-index-in-node=\"0\">7. Pris\u00e4ndringar<\/b><\/h3><p>\u00a0<\/p><p data-path-to-node=\"17\">Vi f\u00f6rbeh\u00e5ller oss r\u00e4tten att n\u00e4r som helst \u00e4ndra priserna f\u00f6r v\u00e5ra prenumerationer. Eventuella pris\u00e4ndringar tr\u00e4der i kraft vid slutet av den aktuella faktureringsperioden.<\/p><h3 data-path-to-node=\"18\"><b data-path-to-node=\"18\" data-index-in-node=\"0\">8. \u00c5terbetalningar<\/b><\/h3><p>\u00a0<\/p><p data-path-to-node=\"19\">Vissa beg\u00e4randen om \u00e5terbetalning kan pr\u00f6vas fr\u00e5n fall till fall och beviljas enligt v\u00e5rt eget gottfinnande. F\u00f6r mer information, se v\u00e5r [\u00c5terbetalningspolicy].<\/p><h3 data-path-to-node=\"20\"><b data-path-to-node=\"20\" data-index-in-node=\"0\">9. Immateriella r\u00e4ttigheter<\/b><\/h3><p>\u00a0<\/p><p data-path-to-node=\"21\">Tj\u00e4nsten, dess inneh\u00e5ll och funktioner \u00e4r och f\u00f6rblir den exklusiva egendomen f\u00f6r <b data-path-to-node=\"21\" data-index-in-node=\"82\">Nordic IPTV<\/b> och dess licensgivare. Tj\u00e4nsten \u00e4r skyddad av upphovsr\u00e4tt och andra lagar.<\/p><h3 data-path-to-node=\"22\"><b data-path-to-node=\"22\" data-index-in-node=\"0\">10. Upps\u00e4gning<\/b><\/h3><p>\u00a0<\/p><p data-path-to-node=\"23\">Vi kan avsluta eller st\u00e4nga av ditt konto och blockera \u00e5tkomst till tj\u00e4nsten omedelbart, utan f\u00f6reg\u00e5ende meddelande, vid brott mot dessa villkor eller efter eget gottfinnande.<\/p><h3 data-path-to-node=\"24\"><b data-path-to-node=\"24\" data-index-in-node=\"0\">11. Ansvarsbegr\u00e4nsning<\/b><\/h3><p>\u00a0<\/p><p data-path-to-node=\"25\">Under inga omst\u00e4ndigheter ska <b data-path-to-node=\"25\" data-index-in-node=\"30\">Nordic IPTV<\/b> eller dess f\u00f6retr\u00e4dare h\u00e5llas ansvariga f\u00f6r indirekta, of\u00f6rutsedda eller f\u00f6ljdskador (inklusive vinstf\u00f6rlust eller dataf\u00f6rlust) som uppst\u00e5r till f\u00f6ljd av din anv\u00e4ndning av tj\u00e4nsten.<\/p><h3 data-path-to-node=\"26\"><b data-path-to-node=\"26\" data-index-in-node=\"0\">12. Till\u00e4mplig lag<\/b><\/h3><p>\u00a0<\/p><p data-path-to-node=\"27\">Dessa villkor ska styras och tolkas i enlighet med g\u00e4llande lagstiftning, utan h\u00e4nsyn till lagvalsprinciper.<\/p><h3 data-path-to-node=\"28\"><b data-path-to-node=\"28\" data-index-in-node=\"0\">13. Kontaktuppgifter<\/b><\/h3><p>\u00a0<\/p><p data-path-to-node=\"29\">Om du har n\u00e5gra fr\u00e5gor om dessa anv\u00e4ndarvillkor, v\u00e4nligen kontakta oss:<\/p><ul data-path-to-node=\"30\"><li><p data-path-to-node=\"30,0,0\"><b data-path-to-node=\"30,0,0\" data-index-in-node=\"0\">E-post:<\/b> support@nordic-iptv.eu<\/p><\/li><li><p data-path-to-node=\"30,1,0\"><b data-path-to-node=\"30,1,0\" data-index-in-node=\"0\">WhatsApp:<\/b> +13322526038<\/p><\/li><\/ul>\t\t\t\t\t\t\t\t<\/div>\n\t\t\t\t\t<\/div>\n\t\t\t\t<\/div>\n\t\t\t\t<\/div>\n\t\t","protected":false},"excerpt":{"rendered":"<p>Nordic IPTV-Anv\u00e4ndarvillkor 1. Godk\u00e4nnande av villkor \u00a0 V\u00e4lkommen till Nordic IPTV. Genom att anv\u00e4nda v\u00e5r webbplats och v\u00e5ra tj\u00e4nster godk\u00e4nner [&hellip;]<\/p>\n","protected":false},"author":1,"featured_media":0,"parent":0,"menu_order":0,"comment_status":"closed","ping_status":"closed","template":"elementor_header_footer","meta":{"_uag_custom_page_level_css":"","site-sidebar-layout":"no-sidebar","site-content-layout":"","ast-site-content-layout":"full-width-container","site-content-style":"default","site-sidebar-style":"default","ast-global-header-display":"","ast-banner-title-visibility":"","ast-main-header-display":"","ast-hfb-above-header-display":"","ast-hfb-below-header-display":"","ast-hfb-mobile-header-display":"","site-post-title":"","ast-breadcrumbs-content":"","ast-featured-img":"disabled","footer-sml-layout":"","ast-disable-related-posts":"","theme-transparent-header-meta":"","adv-header-id-meta":"","stick-header-meta":"","header-above-stick-meta":"","header-main-stick-meta":"","header-below-stick-meta":"","astra-migrate-meta-layouts":"default","ast-page-background-enabled":"default","ast-page-background-meta":{"desktop":{"background-color":"var(--ast-global-color-5)","background-image":"","background-repeat":"repeat","background-position":"center center","background-size":"auto","background-attachment":"scroll","background-type":"","background-media":"","overlay-type":"","overlay-color":"","overlay-opacity":"","overlay-gradient":""},"tablet":{"background-color":"","background-image":"","background-repeat":"repeat","background-position":"center center","background-size":"auto","background-attachment":"scroll","background-type":"","background-media":"","overlay-type":"","overlay-color":"","overlay-opacity":"","overlay-gradient":""},"mobile":{"background-color":"","background-image":"","background-repeat":"repeat","background-position":"center center","background-size":"auto","background-attachment":"scroll","background-type":"","background-media":"","overlay-type":"","overlay-color":"","overlay-opacity":"","overlay-gradient":""}},"ast-content-background-meta":{"desktop":{"background-color":"var(--ast-global-color-4)","background-image":"","background-repeat":"repeat","background-position":"center center","background-size":"auto","background-attachment":"scroll","background-type":"","background-media":"","overlay-type":"","overlay-color":"","overlay-opacity":"","overlay-gradient":""},"tablet":{"background-color":"var(--ast-global-color-4)","background-image":"","background-repeat":"repeat","background-position":"center center","background-size":"auto","background-attachment":"scroll","background-type":"","background-media":"","overlay-type":"","overlay-color":"","overlay-opacity":"","overlay-gradient":""},"mobile":{"background-color":"var(--ast-global-color-4)","background-image":"","background-repeat":"repeat","background-position":"center center","background-size":"auto","background-attachment":"scroll","background-type":"","background-media":"","overlay-type":"","overlay-color":"","overlay-opacity":"","overlay-gradient":""}},"footnotes":""},"class_list":["post-314","page","type-page","status-publish","hentry"],"uagb_featured_image_src":{"full":false,"thumbnail":false,"medium":false,"medium_large":false,"large":false,"1536x1536":false,"2048x2048":false,"woocommerce_thumbnail":false,"woocommerce_single":false,"woocommerce_gallery_thumbnail":false},"uagb_author_info":{"display_name":"lahsenmadara@gmail.com","author_link":"https:\/\/nordic-iptv.eu\/se\/author\/lahsenmadaragmail-com\/"},"uagb_comment_info":0,"uagb_excerpt":"Nordic IPTV-Anv\u00e4ndarvillkor 1. Godk\u00e4nnande av villkor \u00a0 V\u00e4lkommen till Nordic IPTV. Genom att anv\u00e4nda v\u00e5r webbplats och v\u00e5ra tj\u00e4nster godk\u00e4nner [&hellip;]","jetpack_sharing_enabled":true,"_links":{"self":[{"href":"https:\/\/nordic-iptv.eu\/se\/wp-json\/wp\/v2\/pages\/314","targetHints":{"allow":["GET"]}}],"collection":[{"href":"https:\/\/nordic-iptv.eu\/se\/wp-json\/wp\/v2\/pages"}],"about":[{"href":"https:\/\/nordic-iptv.eu\/se\/wp-json\/wp\/v2\/types\/page"}],"author":[{"embeddable":true,"href":"https:\/\/nordic-iptv.eu\/se\/wp-json\/wp\/v2\/users\/1"}],"replies":[{"embeddable":true,"href":"https:\/\/nordic-iptv.eu\/se\/wp-json\/wp\/v2\/comments?post=314"}],"version-history":[{"count":11,"href":"https:\/\/nordic-iptv.eu\/se\/wp-json\/wp\/v2\/pages\/314\/revisions"}],"predecessor-version":[{"id":357,"href":"https:\/\/nordic-iptv.eu\/se\/wp-json\/wp\/v2\/pages\/314\/revisions\/357"}],"wp:attachment":[{"href":"https:\/\/nordic-iptv.eu\/se\/wp-json\/wp\/v2\/media?parent=314"}],"curies":[{"name":"wp","href":"https:\/\/api.w.org\/{rel}","templated":true}]}}