{"id":32,"date":"2026-02-13T19:42:30","date_gmt":"2026-02-13T19:42:30","guid":{"rendered":"https:\/\/nordic-iptv.eu\/?page_id=32"},"modified":"2026-03-02T04:41:51","modified_gmt":"2026-03-02T04:41:51","slug":"installationsguide","status":"publish","type":"page","link":"https:\/\/nordic-iptv.eu\/se\/installationsguide\/","title":{"rendered":"Installationsguide"},"content":{"rendered":"\t\t<div data-elementor-type=\"wp-page\" data-elementor-id=\"32\" class=\"elementor elementor-32\">\n\t\t\t\t<div class=\"elementor-element elementor-element-d542002 e-con-full e-flex e-con e-parent\" data-id=\"d542002\" data-element_type=\"container\" data-e-type=\"container\" data-settings=\"{&quot;background_background&quot;:&quot;classic&quot;}\">\n\t\t\t\t<div class=\"elementor-element elementor-element-441a4fa elementor-widget__width-initial elementor-widget elementor-widget-heading\" data-id=\"441a4fa\" data-element_type=\"widget\" data-e-type=\"widget\" data-widget_type=\"heading.default\">\n\t\t\t\t\t<h2 class=\"elementor-heading-title elementor-size-default\">Installationsguide<\/h2>\t\t\t\t<\/div>\n\t\t\t\t<\/div>\n\t\t<div class=\"elementor-element elementor-element-bfa7552 e-flex e-con-boxed e-con e-parent\" data-id=\"bfa7552\" data-element_type=\"container\" data-e-type=\"container\">\n\t\t\t\t\t<div class=\"e-con-inner\">\n\t\t<div class=\"elementor-element elementor-element-7a5a9de e-con-full e-flex e-con e-child\" data-id=\"7a5a9de\" data-element_type=\"container\" data-e-type=\"container\">\n\t\t\t\t<div class=\"elementor-element elementor-element-37fbbcd elementor-widget elementor-widget-image\" data-id=\"37fbbcd\" data-element_type=\"widget\" data-e-type=\"widget\" data-widget_type=\"image.default\">\n\t\t\t\t\t\t\t\t\t\t\t\t\t\t\t<img fetchpriority=\"high\" decoding=\"async\" width=\"612\" height=\"408\" src=\"https:\/\/nordic-iptv.eu\/wp-content\/uploads\/2026\/02\/Gemini_Generated_Image_91aoex91aoex91ao-removebg-preview.webp\" class=\"attachment-medium_large size-medium_large wp-image-87\" alt=\"Nordic IPTV\" srcset=\"https:\/\/nordic-iptv.eu\/wp-content\/uploads\/2026\/02\/Gemini_Generated_Image_91aoex91aoex91ao-removebg-preview.webp 612w, https:\/\/nordic-iptv.eu\/wp-content\/uploads\/2026\/02\/Gemini_Generated_Image_91aoex91aoex91ao-removebg-preview-600x400.webp 600w, https:\/\/nordic-iptv.eu\/wp-content\/uploads\/2026\/02\/Gemini_Generated_Image_91aoex91aoex91ao-removebg-preview-300x200.webp 300w\" sizes=\"(max-width: 612px) 100vw, 612px\" \/>\t\t\t\t\t\t\t\t\t\t\t\t\t\t\t<\/div>\n\t\t\t\t<\/div>\n\t\t<div class=\"elementor-element elementor-element-d4d671c e-con-full e-flex e-con e-child\" data-id=\"d4d671c\" data-element_type=\"container\" data-e-type=\"container\">\n\t\t\t\t<div class=\"elementor-element elementor-element-6638a6d elementor-widget elementor-widget-heading\" data-id=\"6638a6d\" data-element_type=\"widget\" data-e-type=\"widget\" data-widget_type=\"heading.default\">\n\t\t\t\t\t<h2 class=\"elementor-heading-title elementor-size-default\">Nordic IPTV Guide \u2013 Enkel Installation<\/h2>\t\t\t\t<\/div>\n\t\t\t\t<div class=\"elementor-element elementor-element-8d5f796 elementor-widget__width-initial elementor-widget elementor-widget-text-editor\" data-id=\"8d5f796\" data-element_type=\"widget\" data-e-type=\"widget\" data-widget_type=\"text-editor.default\">\n\t\t\t\t\t\t\t\t\t<p data-path-to-node=\"3\"><strong>V\u00e4lkommen till Nordic IPTV-guiden, din kompletta manual f\u00f6r att komma ig\u00e5ng med marknadens b\u00e4sta IPTV-upplevelse p\u00e5 bara n\u00e5gra minuter. Oavsett om du anv\u00e4nder Smart TV, Android Box, Firestick eller smartphone, hj\u00e4lper v\u00e5r guide dig att installera och aktivera Nordic IPTV utan kr\u00e5ngel.<\/strong><\/p>\t\t\t\t\t\t\t\t<\/div>\n\t\t\t\t<div class=\"elementor-element elementor-element-1d3cb32 elementor-tablet-align-center elementor-widget__width-initial elementor-mobile-align-left elementor-widget elementor-widget-button\" data-id=\"1d3cb32\" data-element_type=\"widget\" data-e-type=\"widget\" data-widget_type=\"button.default\">\n\t\t\t\t\t\t\t\t\t\t<a class=\"elementor-button elementor-button-link elementor-size-sm\" href=\"#prenumeration\">\n\t\t\t\t\t\t<span class=\"elementor-button-content-wrapper\">\n\t\t\t\t\t\t\t\t\t<span class=\"elementor-button-text\">B\u00f6rja titta nu<\/span>\n\t\t\t\t\t<\/span>\n\t\t\t\t\t<\/a>\n\t\t\t\t\t\t\t\t<\/div>\n\t\t\t\t<\/div>\n\t\t\t\t\t<\/div>\n\t\t\t\t<\/div>\n\t\t<div class=\"elementor-element elementor-element-f2cb3c2 e-con-full e-flex e-con e-child\" data-id=\"f2cb3c2\" data-element_type=\"container\" data-e-type=\"container\" data-settings=\"{&quot;background_background&quot;:&quot;classic&quot;}\">\n\t\t<div class=\"elementor-element elementor-element-f85f457 e-con-full e-flex e-con e-child\" data-id=\"f85f457\" data-element_type=\"container\" data-e-type=\"container\">\n\t\t\t\t<div class=\"elementor-element elementor-element-3a54653 elementor-widget elementor-widget-heading\" data-id=\"3a54653\" data-element_type=\"widget\" data-e-type=\"widget\" data-widget_type=\"heading.default\">\n\t\t\t\t\t<h2 class=\"elementor-heading-title elementor-size-default\">Nordic IPTV Guide f\u00f6r alla enheter<\/h2>\t\t\t\t<\/div>\n\t\t\t\t<div class=\"elementor-element elementor-element-762e7a4 elementor-widget elementor-widget-text-editor\" data-id=\"762e7a4\" data-element_type=\"widget\" data-e-type=\"widget\" data-widget_type=\"text-editor.default\">\n\t\t\t\t\t\t\t\t\t<p>Denna Nordic IPTV-guide guidar dig genom installationen p\u00e5 Smart TV, Firestick, Android, iOS, Windows och Mac. Oavsett om du anv\u00e4nder IPTV Smarters Pro, TiviMate, XCIPTV, HOT IPTV eller IBO Player Pro, visar vi dig de exakta stegen och ger dig snabba inloggningsuppgifter s\u00e5 att du kan b\u00f6rja titta p\u00e5 livekanaler och VOD-inneh\u00e5ll p\u00e5 bara n\u00e5gra minuter.<\/p>\t\t\t\t\t\t\t\t<\/div>\n\t\t\t\t<\/div>\n\t\t\t\t<\/div>\n\t\t<div class=\"elementor-element elementor-element-0c44ab4 e-flex e-con-boxed e-con e-parent\" data-id=\"0c44ab4\" data-element_type=\"container\" data-e-type=\"container\">\n\t\t\t\t\t<div class=\"e-con-inner\">\n\t\t\t\t<div class=\"elementor-element elementor-element-e0a85b3 elementor-widget elementor-widget-text-editor\" data-id=\"e0a85b3\" data-element_type=\"widget\" data-e-type=\"widget\" data-widget_type=\"text-editor.default\">\n\t\t\t\t\t\t\t\t\t<div class=\"elementor-element elementor-element-61ee2bf0 elementor-widget elementor-widget-text-editor\" data-id=\"61ee2bf0\" data-element_type=\"widget\" data-widget_type=\"text-editor.default\"><div class=\"elementor-element elementor-element-3549ebfc elementor-widget elementor-widget-image\" data-id=\"3549ebfc\" data-element_type=\"widget\" data-widget_type=\"image.default\"><img decoding=\"async\" class=\"attachment-medium  wp-image-1056 lzl-cached lzl-ed alignleft\" src=\"https:\/\/honeybeeiptv.tv\/wp-content\/uploads\/2025\/10\/Samsung-Smart-TV-vector-logo-300x300.png\" sizes=\"(max-width: 300px) 100vw, 300px\" srcset=\"https:\/\/honeybeeiptv.tv\/wp-content\/uploads\/2025\/10\/Samsung-Smart-TV-vector-logo-300x300.png 300w, https:\/\/honeybeeiptv.tv\/wp-content\/uploads\/2025\/10\/Samsung-Smart-TV-vector-logo-100x100.png 100w, https:\/\/honeybeeiptv.tv\/wp-content\/uploads\/2025\/10\/Samsung-Smart-TV-vector-logo-150x150.png 150w, https:\/\/honeybeeiptv.tv\/wp-content\/uploads\/2025\/10\/Samsung-Smart-TV-vector-logo.png 400w\" alt=\"\" width=\"122\" height=\"122\" data-lzl-srcset=\"https:\/\/honeybeeiptv.tv\/wp-content\/uploads\/2025\/10\/Samsung-Smart-TV-vector-logo-300x300.png 300w, https:\/\/honeybeeiptv.tv\/wp-content\/uploads\/2025\/10\/Samsung-Smart-TV-vector-logo-100x100.png 100w, https:\/\/honeybeeiptv.tv\/wp-content\/uploads\/2025\/10\/Samsung-Smart-TV-vector-logo-150x150.png 150w, https:\/\/honeybeeiptv.tv\/wp-content\/uploads\/2025\/10\/Samsung-Smart-TV-vector-logo.png 400w\" data-lzl-sizes=\"(max-width: 300px) 100vw, 300px\" data-lzl-src=\"https:\/\/honeybeeiptv.tv\/wp-content\/uploads\/2025\/10\/Samsung-Smart-TV-vector-logo-300x300.png\" \/><\/div><div class=\"elementor-element elementor-element-33b9b3de elementor-widget elementor-widget-image\" data-id=\"33b9b3de\" data-element_type=\"widget\" data-widget_type=\"image.default\"><img decoding=\"async\" class=\"attachment-medium  wp-image-1058 lzl-cached lzl-ed alignleft\" src=\"https:\/\/honeybeeiptv.tv\/wp-content\/uploads\/2025\/10\/logo_LGSmartTV-300x190-1.png\" alt=\"\" width=\"175\" height=\"111\" data-lzl-src=\"https:\/\/honeybeeiptv.tv\/wp-content\/uploads\/2025\/10\/logo_LGSmartTV-300x190-1.png\" \/><\/div><h4 class=\"\" data-path-to-node=\"3\"><b data-path-to-node=\"3\" data-index-in-node=\"0\">F\u00f6r Smart TV (Samsung, LG, Android TV):<\/b><\/h4><p>\u00a0<\/p><ol data-start=\"264\" data-end=\"473\"><li data-start=\"264\" data-end=\"353\"><ul><li><p data-path-to-node=\"4,0,0\">Installera IPTV Smarters Pro, TiviMate, eller SmartOne IPTV fr\u00e5n din App Store.<\/p><\/li><li><p data-path-to-node=\"4,1,0\">\u00d6ppna appen och v\u00e4lj &#8220;Login with Xtream Codes API&#8221;.<\/p><\/li><li><p data-path-to-node=\"4,2,0\">Ange inloggningsuppgifterna som vi skickat till dig via WhatsApp eller e-post.<\/p><\/li><\/ul><\/li><\/ol><\/div><div class=\"elementor-element elementor-element-631afe52 e-con-full e-flex e-con e-child\" data-id=\"631afe52\" data-element_type=\"container\"><div class=\"elementor-element elementor-element-59b4ca2f elementor-widget elementor-widget-image\" data-id=\"59b4ca2f\" data-element_type=\"widget\" data-widget_type=\"image.default\"><img loading=\"lazy\" decoding=\"async\" class=\"attachment-medium  wp-image-1062 lzl-cached lzl-ed alignleft\" src=\"https:\/\/honeybeeiptv.tv\/wp-content\/uploads\/2025\/10\/apple_windows_logos-300x169.png\" sizes=\"(max-width: 300px) 100vw, 300px\" srcset=\"https:\/\/honeybeeiptv.tv\/wp-content\/uploads\/2025\/10\/apple_windows_logos-300x169.png 300w, https:\/\/honeybeeiptv.tv\/wp-content\/uploads\/2025\/10\/apple_windows_logos.png 562w\" alt=\"\" width=\"101\" height=\"57\" data-lzl-srcset=\"https:\/\/honeybeeiptv.tv\/wp-content\/uploads\/2025\/10\/apple_windows_logos-300x169.png 300w, https:\/\/honeybeeiptv.tv\/wp-content\/uploads\/2025\/10\/apple_windows_logos.png 562w\" data-lzl-sizes=\"(max-width: 300px) 100vw, 300px\" data-lzl-src=\"https:\/\/honeybeeiptv.tv\/wp-content\/uploads\/2025\/10\/apple_windows_logos-300x169.png\" \/><\/div><\/div><div class=\"elementor-element elementor-element-1a3f4426 elementor-widget elementor-widget-text-editor\" data-id=\"1a3f4426\" data-element_type=\"widget\" data-widget_type=\"text-editor.default\"><h4 data-start=\"475\" data-end=\"503\">\u00a0<\/h4><h4 data-path-to-node=\"5\"><b data-path-to-node=\"5\" data-index-in-node=\"0\">F\u00f6r Windows\/Mac:<\/b><\/h4><p>\u00a0<\/p><ol data-start=\"504\" data-end=\"600\"><li data-start=\"504\" data-end=\"556\"><ul><li><p data-path-to-node=\"6,0,0\">Ladda ner IPTV Smarters Pro eller VLC Player.<\/p><\/li><li><p data-path-to-node=\"6,1,0\">Ange dina Xtream Codes eller din Playlist URL (M3U).<\/p><\/li><\/ul><\/li><\/ol><\/div><div class=\"elementor-element elementor-element-37b7eb91 e-con-full e-flex e-con e-child\" data-id=\"37b7eb91\" data-element_type=\"container\"><div class=\"elementor-element elementor-element-7a15124f elementor-widget elementor-widget-image\" data-id=\"7a15124f\" data-element_type=\"widget\" data-widget_type=\"image.default\"><img loading=\"lazy\" decoding=\"async\" class=\"attachment-medium  wp-image-1066 lzl-cached lzl-ed alignleft\" src=\"https:\/\/honeybeeiptv.tv\/wp-content\/uploads\/2025\/10\/android-ios-logo-300x188.png\" sizes=\"(max-width: 300px) 100vw, 300px\" srcset=\"https:\/\/honeybeeiptv.tv\/wp-content\/uploads\/2025\/10\/android-ios-logo-300x188.png 300w, https:\/\/honeybeeiptv.tv\/wp-content\/uploads\/2025\/10\/android-ios-logo.png 400w\" alt=\"\" width=\"107\" height=\"67\" data-lzl-srcset=\"https:\/\/honeybeeiptv.tv\/wp-content\/uploads\/2025\/10\/android-ios-logo-300x188.png 300w, https:\/\/honeybeeiptv.tv\/wp-content\/uploads\/2025\/10\/android-ios-logo.png 400w\" data-lzl-sizes=\"(max-width: 300px) 100vw, 300px\" data-lzl-src=\"https:\/\/honeybeeiptv.tv\/wp-content\/uploads\/2025\/10\/android-ios-logo-300x188.png\" \/><\/div><\/div><div class=\"elementor-element elementor-element-469250cf elementor-widget elementor-widget-text-editor\" data-id=\"469250cf\" data-element_type=\"widget\" data-widget_type=\"text-editor.default\"><h4 data-start=\"602\" data-end=\"640\">\u00a0<\/h4><h4 data-path-to-node=\"7\"><b data-path-to-node=\"7\" data-index-in-node=\"0\">F\u00f6r Android &amp; iOS-enheter:<\/b><\/h4><p>\u00a0<\/p><ol data-start=\"641\" data-end=\"752\"><li data-start=\"641\" data-end=\"714\"><ul><li><p data-path-to-node=\"8,0,0\">Installera <b data-path-to-node=\"8,0,0\" data-index-in-node=\"11\">IPTV Smarters Pro<\/b> eller <b data-path-to-node=\"8,0,0\" data-index-in-node=\"35\">XCIPTV Player<\/b> fr\u00e5n App Store \/ Google Play.<\/p><\/li><li><p data-path-to-node=\"8,1,0\">Logga in med dina tillhandah\u00e5llna uppgifter.<\/p><\/li><\/ul><\/li><\/ol><\/div><div class=\"elementor-element elementor-element-274f932f e-con-full e-flex e-con e-child\" data-id=\"274f932f\" data-element_type=\"container\"><div class=\"elementor-element elementor-element-521f104e elementor-widget elementor-widget-image\" data-id=\"521f104e\" data-element_type=\"widget\" data-widget_type=\"image.default\"><img loading=\"lazy\" decoding=\"async\" class=\"attachment-large  wp-image-1070 lzl-ed lzl-cached alignleft\" src=\"https:\/\/honeybeeiptv.tv\/wp-content\/uploads\/2025\/10\/Amazon_Fire_TV_Stick_logo-1024x302.png\" sizes=\"(max-width: 1000px) 100vw, 1000px\" srcset=\"https:\/\/honeybeeiptv.tv\/wp-content\/uploads\/2025\/10\/Amazon_Fire_TV_Stick_logo-1024x302.png 1024w, https:\/\/honeybeeiptv.tv\/wp-content\/uploads\/2025\/10\/Amazon_Fire_TV_Stick_logo-600x177.png 600w, https:\/\/honeybeeiptv.tv\/wp-content\/uploads\/2025\/10\/Amazon_Fire_TV_Stick_logo-300x89.png 300w, https:\/\/honeybeeiptv.tv\/wp-content\/uploads\/2025\/10\/Amazon_Fire_TV_Stick_logo-768x227.png 768w, https:\/\/honeybeeiptv.tv\/wp-content\/uploads\/2025\/10\/Amazon_Fire_TV_Stick_logo-650x192.png 650w, https:\/\/honeybeeiptv.tv\/wp-content\/uploads\/2025\/10\/Amazon_Fire_TV_Stick_logo.png 1500w\" alt=\"\" width=\"120\" height=\"36\" data-lzl-srcset=\"https:\/\/honeybeeiptv.tv\/wp-content\/uploads\/2025\/10\/Amazon_Fire_TV_Stick_logo-1024x302.png 1024w, https:\/\/honeybeeiptv.tv\/wp-content\/uploads\/2025\/10\/Amazon_Fire_TV_Stick_logo-600x177.png 600w, https:\/\/honeybeeiptv.tv\/wp-content\/uploads\/2025\/10\/Amazon_Fire_TV_Stick_logo-300x89.png 300w, https:\/\/honeybeeiptv.tv\/wp-content\/uploads\/2025\/10\/Amazon_Fire_TV_Stick_logo-768x227.png 768w, https:\/\/honeybeeiptv.tv\/wp-content\/uploads\/2025\/10\/Amazon_Fire_TV_Stick_logo-650x192.png 650w, https:\/\/honeybeeiptv.tv\/wp-content\/uploads\/2025\/10\/Amazon_Fire_TV_Stick_logo.png 1500w\" data-lzl-sizes=\"(max-width: 1000px) 100vw, 1000px\" data-lzl-src=\"https:\/\/honeybeeiptv.tv\/wp-content\/uploads\/2025\/10\/Amazon_Fire_TV_Stick_logo-1024x302.png\" \/><\/div><\/div><div class=\"elementor-element elementor-element-13dc0885 elementor-widget elementor-widget-text-editor\" data-id=\"13dc0885\" data-element_type=\"widget\" data-widget_type=\"text-editor.default\"><h4 data-start=\"754\" data-end=\"786\">\u00a0<\/h4><h4 data-path-to-node=\"9\"><b data-path-to-node=\"9\" data-index-in-node=\"0\">Firestick &amp; Fire TV:<\/b><\/h4><p>\u00a0<\/p><ol data-start=\"787\" data-end=\"906\"><li data-start=\"787\" data-end=\"817\"><ul><li><p data-path-to-node=\"10,0,0\">Installera appen <b data-path-to-node=\"10,0,0\" data-index-in-node=\"17\">Downloader<\/b>.<\/p><\/li><li><p data-path-to-node=\"10,1,0\">Anv\u00e4nd den f\u00f6r att ladda ner <b data-path-to-node=\"10,1,0\" data-index-in-node=\"29\">IPTV Smarters Pro<\/b> eller <b data-path-to-node=\"10,1,0\" data-index-in-node=\"53\">TiviMate<\/b>.<\/p><\/li><li><p data-path-to-node=\"10,2,0\">Ange din inloggningsinfo och b\u00f6rja titta!<\/p><\/li><\/ul><\/li><\/ol><\/div>\t\t\t\t\t\t\t\t<\/div>\n\t\t\t\t\t<\/div>\n\t\t\t\t<\/div>\n\t\t<div class=\"elementor-element elementor-element-7a938a7 e-flex e-con-boxed e-con e-parent\" data-id=\"7a938a7\" data-element_type=\"container\" data-e-type=\"container\">\n\t\t\t\t\t<div class=\"e-con-inner\">\n\t\t<div class=\"elementor-element elementor-element-2303391 e-con-full e-flex e-con e-child\" data-id=\"2303391\" data-element_type=\"container\" data-e-type=\"container\">\n\t\t\t\t<div class=\"elementor-element elementor-element-ce2731c elementor-widget elementor-widget-heading\" data-id=\"ce2731c\" data-element_type=\"widget\" data-e-type=\"widget\" data-widget_type=\"heading.default\">\n\t\t\t\t\t<h2 class=\"elementor-heading-title elementor-size-default\">Rekommenderade Appar \u2013 Nordic IPTV Guide:<\/h2>\t\t\t\t<\/div>\n\t\t\t\t<div class=\"elementor-element elementor-element-efa4d7e elementor-widget elementor-widget-text-editor\" data-id=\"efa4d7e\" data-element_type=\"widget\" data-e-type=\"widget\" data-widget_type=\"text-editor.default\">\n\t\t\t\t\t\t\t\t\t<p><strong>1.<span style=\"font-size: 16px;\">IPTV Smarters ProCode: 78522<\/span><\/strong><\/p><p><strong>2. XCIPTVCode: 114407 (Google Play)<\/strong><\/p><p><strong>3. TiviMate (Premium)Code: 185194 (Rekommenderas!)<\/strong><\/p><p><strong>4. HOT IPTVCode: 395800<\/strong><\/p><p><strong>5. IBO Player ProOfficiell Webbplats<\/strong><\/p>\t\t\t\t\t\t\t\t<\/div>\n\t\t\t\t<\/div>\n\t\t<div class=\"elementor-element elementor-element-9866d01 e-con-full e-flex e-con e-child\" data-id=\"9866d01\" data-element_type=\"container\" data-e-type=\"container\">\n\t\t\t\t<div class=\"elementor-element elementor-element-34bdaae elementor-widget elementor-widget-image\" data-id=\"34bdaae\" data-element_type=\"widget\" data-e-type=\"widget\" data-widget_type=\"image.default\">\n\t\t\t\t\t\t\t\t\t\t\t\t\t\t\t<img loading=\"lazy\" decoding=\"async\" width=\"612\" height=\"249\" src=\"https:\/\/nordic-iptv.eu\/wp-content\/uploads\/2026\/02\/ChatGPT_Image_19_fevr._2026__06_36_22-removebg-preview-e1771483145887.webp\" class=\"attachment-large size-large wp-image-86\" alt=\"\" srcset=\"https:\/\/nordic-iptv.eu\/wp-content\/uploads\/2026\/02\/ChatGPT_Image_19_fevr._2026__06_36_22-removebg-preview-e1771483145887.webp 612w, https:\/\/nordic-iptv.eu\/wp-content\/uploads\/2026\/02\/ChatGPT_Image_19_fevr._2026__06_36_22-removebg-preview-e1771483145887-600x244.webp 600w, https:\/\/nordic-iptv.eu\/wp-content\/uploads\/2026\/02\/ChatGPT_Image_19_fevr._2026__06_36_22-removebg-preview-e1771483145887-300x122.webp 300w\" sizes=\"(max-width: 612px) 100vw, 612px\" \/>\t\t\t\t\t\t\t\t\t\t\t\t\t\t\t<\/div>\n\t\t\t\t<\/div>\n\t\t\t\t\t<\/div>\n\t\t\t\t<\/div>\n\t\t\t\t<\/div>\n\t\t","protected":false},"excerpt":{"rendered":"<p>Installationsguide Nordic IPTV Guide \u2013 Enkel Installation V\u00e4lkommen till Nordic IPTV-guiden, din kompletta manual f\u00f6r att komma ig\u00e5ng med marknadens [&hellip;]<\/p>\n","protected":false},"author":1,"featured_media":0,"parent":0,"menu_order":0,"comment_status":"closed","ping_status":"closed","template":"elementor_header_footer","meta":{"_uag_custom_page_level_css":"","site-sidebar-layout":"no-sidebar","site-content-layout":"","ast-site-content-layout":"full-width-container","site-content-style":"default","site-sidebar-style":"default","ast-global-header-display":"","ast-banner-title-visibility":"","ast-main-header-display":"","ast-hfb-above-header-display":"","ast-hfb-below-header-display":"","ast-hfb-mobile-header-display":"","site-post-title":"","ast-breadcrumbs-content":"","ast-featured-img":"disabled","footer-sml-layout":"","ast-disable-related-posts":"","theme-transparent-header-meta":"","adv-header-id-meta":"","stick-header-meta":"","header-above-stick-meta":"","header-main-stick-meta":"","header-below-stick-meta":"","astra-migrate-meta-layouts":"default","ast-page-background-enabled":"default","ast-page-background-meta":{"desktop":{"background-color":"var(--ast-global-color-5)","background-image":"","background-repeat":"repeat","background-position":"center center","background-size":"auto","background-attachment":"scroll","background-type":"","background-media":"","overlay-type":"","overlay-color":"","overlay-opacity":"","overlay-gradient":""},"tablet":{"background-color":"","background-image":"","background-repeat":"repeat","background-position":"center center","background-size":"auto","background-attachment":"scroll","background-type":"","background-media":"","overlay-type":"","overlay-color":"","overlay-opacity":"","overlay-gradient":""},"mobile":{"background-color":"","background-image":"","background-repeat":"repeat","background-position":"center center","background-size":"auto","background-attachment":"scroll","background-type":"","background-media":"","overlay-type":"","overlay-color":"","overlay-opacity":"","overlay-gradient":""}},"ast-content-background-meta":{"desktop":{"background-color":"var(--ast-global-color-4)","background-image":"","background-repeat":"repeat","background-position":"center center","background-size":"auto","background-attachment":"scroll","background-type":"","background-media":"","overlay-type":"","overlay-color":"","overlay-opacity":"","overlay-gradient":""},"tablet":{"background-color":"var(--ast-global-color-4)","background-image":"","background-repeat":"repeat","background-position":"center center","background-size":"auto","background-attachment":"scroll","background-type":"","background-media":"","overlay-type":"","overlay-color":"","overlay-opacity":"","overlay-gradient":""},"mobile":{"background-color":"var(--ast-global-color-4)","background-image":"","background-repeat":"repeat","background-position":"center center","background-size":"auto","background-attachment":"scroll","background-type":"","background-media":"","overlay-type":"","overlay-color":"","overlay-opacity":"","overlay-gradient":""}},"footnotes":""},"class_list":["post-32","page","type-page","status-publish","hentry"],"uagb_featured_image_src":{"full":false,"thumbnail":false,"medium":false,"medium_large":false,"large":false,"1536x1536":false,"2048x2048":false,"woocommerce_thumbnail":false,"woocommerce_single":false,"woocommerce_gallery_thumbnail":false},"uagb_author_info":{"display_name":"lahsenmadara@gmail.com","author_link":"https:\/\/nordic-iptv.eu\/se\/author\/lahsenmadaragmail-com\/"},"uagb_comment_info":0,"uagb_excerpt":"Installationsguide Nordic IPTV Guide \u2013 Enkel Installation V\u00e4lkommen till Nordic IPTV-guiden, din kompletta manual f\u00f6r att komma ig\u00e5ng med marknadens [&hellip;]","jetpack_sharing_enabled":true,"_links":{"self":[{"href":"https:\/\/nordic-iptv.eu\/se\/wp-json\/wp\/v2\/pages\/32","targetHints":{"allow":["GET"]}}],"collection":[{"href":"https:\/\/nordic-iptv.eu\/se\/wp-json\/wp\/v2\/pages"}],"about":[{"href":"https:\/\/nordic-iptv.eu\/se\/wp-json\/wp\/v2\/types\/page"}],"author":[{"embeddable":true,"href":"https:\/\/nordic-iptv.eu\/se\/wp-json\/wp\/v2\/users\/1"}],"replies":[{"embeddable":true,"href":"https:\/\/nordic-iptv.eu\/se\/wp-json\/wp\/v2\/comments?post=32"}],"version-history":[{"count":9,"href":"https:\/\/nordic-iptv.eu\/se\/wp-json\/wp\/v2\/pages\/32\/revisions"}],"predecessor-version":[{"id":659,"href":"https:\/\/nordic-iptv.eu\/se\/wp-json\/wp\/v2\/pages\/32\/revisions\/659"}],"wp:attachment":[{"href":"https:\/\/nordic-iptv.eu\/se\/wp-json\/wp\/v2\/media?parent=32"}],"curies":[{"name":"wp","href":"https:\/\/api.w.org\/{rel}","templated":true}]}}