{"id":327,"date":"2026-02-25T03:10:36","date_gmt":"2026-02-25T03:10:36","guid":{"rendered":"https:\/\/nordic-iptv.eu\/?page_id=327"},"modified":"2026-02-25T03:10:37","modified_gmt":"2026-02-25T03:10:37","slug":"dmca-policy","status":"publish","type":"page","link":"https:\/\/nordic-iptv.eu\/se\/dmca-policy\/","title":{"rendered":"DMCA-policy"},"content":{"rendered":"\t\t<div data-elementor-type=\"wp-page\" data-elementor-id=\"327\" class=\"elementor elementor-327\">\n\t\t\t\t<div class=\"elementor-element elementor-element-c24da6e e-con-full e-flex e-con e-parent\" data-id=\"c24da6e\" data-element_type=\"container\" data-e-type=\"container\" data-settings=\"{&quot;background_background&quot;:&quot;classic&quot;}\">\n\t\t\t\t<div class=\"elementor-element elementor-element-ac3fa14 elementor-widget__width-initial elementor-widget elementor-widget-heading\" data-id=\"ac3fa14\" data-element_type=\"widget\" data-e-type=\"widget\" data-widget_type=\"heading.default\">\n\t\t\t\t\t<h2 class=\"elementor-heading-title elementor-size-default\">Nordic IPTV-DMCA-policy<\/h2>\t\t\t\t<\/div>\n\t\t\t\t<\/div>\n\t\t<div class=\"elementor-element elementor-element-19e6b86 e-flex e-con-boxed e-con e-parent\" data-id=\"19e6b86\" data-element_type=\"container\" data-e-type=\"container\">\n\t\t\t\t\t<div class=\"e-con-inner\">\n\t\t\t\t<div class=\"elementor-element elementor-element-9d49086 elementor-widget elementor-widget-text-editor\" data-id=\"9d49086\" data-element_type=\"widget\" data-e-type=\"widget\" data-widget_type=\"text-editor.default\">\n\t\t\t\t\t\t\t\t\t<p data-path-to-node=\"5\">Denna policy f\u00f6r Digital Millennium Copyright Act (DMCA) beskriver de f\u00f6rfaranden vi f\u00f6ljer f\u00f6r att hantera anspr\u00e5k p\u00e5 upphovsr\u00e4ttsintr\u00e5ng. Vi respekterar andras immateriella r\u00e4ttigheter och f\u00f6rv\u00e4ntar oss att v\u00e5ra anv\u00e4ndare g\u00f6r detsamma.<\/p><h3 data-path-to-node=\"6\"><b data-path-to-node=\"6\" data-index-in-node=\"0\">1. Utsedd agent (Designated Agent)<\/b><\/h3><p data-path-to-node=\"7\">Om du anser att ditt upphovsr\u00e4ttsskyddade verk har kopierats p\u00e5 ett s\u00e4tt som utg\u00f6r upphovsr\u00e4ttsintr\u00e5ng, v\u00e4nligen skicka ett skriftligt meddelande till v\u00e5r utsedda agent:<\/p><ul data-path-to-node=\"8\"><li><p data-path-to-node=\"8,0,0\"><b data-path-to-node=\"8,0,0\" data-index-in-node=\"0\">E-post:<\/b> support@nordic-iptv.eu<\/p><\/li><li><p data-path-to-node=\"8,1,0\"><b data-path-to-node=\"8,1,0\" data-index-in-node=\"0\">WhatsApp Support:<\/b> +13322526038<\/p><\/li><\/ul><h3 data-path-to-node=\"9\"><b data-path-to-node=\"9\" data-index-in-node=\"0\">2. Anm\u00e4lan om upphovsr\u00e4ttsintr\u00e5ng (Takedown Notice)<\/b><\/h3><p data-path-to-node=\"10\">F\u00f6r att skicka en giltig anm\u00e4lan m\u00e5ste f\u00f6ljande information inkluderas skriftligen:<\/p><ol start=\"1\" data-path-to-node=\"11\"><li><p data-path-to-node=\"11,0,0\"><b data-path-to-node=\"11,0,0\" data-index-in-node=\"0\">Identifiering<\/b> av det upphovsr\u00e4ttsskyddade verk som du h\u00e4vdar har blivit kr\u00e4nkt.<\/p><\/li><li><p data-path-to-node=\"11,1,0\"><b data-path-to-node=\"11,1,0\" data-index-in-node=\"0\">Identifiering av materialet<\/b> p\u00e5 v\u00e5r webbplats som du h\u00e4vdar \u00e4r kr\u00e4nkande, inklusive URL eller specifik plats.<\/p><\/li><li><p data-path-to-node=\"11,2,0\"><b data-path-to-node=\"11,2,0\" data-index-in-node=\"0\">Dina kontaktuppgifter:<\/b> Fullst\u00e4ndigt namn, adress, telefonnummer och e-postadress.<\/p><\/li><li><p data-path-to-node=\"11,3,0\"><b data-path-to-node=\"11,3,0\" data-index-in-node=\"0\">Ett uttalande om god tro:<\/b> Att du har en god tro om att anv\u00e4ndningen av materialet inte \u00e4r godk\u00e4nd av upphovsr\u00e4ttsinnehavaren.<\/p><\/li><li><p data-path-to-node=\"11,4,0\"><b data-path-to-node=\"11,4,0\" data-index-in-node=\"0\">Ett intygande:<\/b> Att informationen i meddelandet \u00e4r korrekt, under straffansvar f\u00f6r mened, och att du \u00e4r beh\u00f6rig att agera p\u00e5 upphovsr\u00e4ttsinnehavarens v\u00e4gnar.<\/p><\/li><li><p data-path-to-node=\"11,5,0\"><b data-path-to-node=\"11,5,0\" data-index-in-node=\"0\">Din fysiska eller elektroniska signatur.<\/b><\/p><\/li><\/ol><h3 data-path-to-node=\"12\"><b data-path-to-node=\"12\" data-index-in-node=\"0\">3. Motmeddelande (Counter-Notification)<\/b><\/h3><p data-path-to-node=\"13\">Om du anser att material du publicerat tagits bort av misstag, kan du skicka ett motmeddelande till v\u00e5r agent. Detta m\u00e5ste inneh\u00e5lla:<\/p><ul data-path-to-node=\"14\"><li><p data-path-to-node=\"14,0,0\">Identifiering av materialet som tagits bort och dess tidigare plats.<\/p><\/li><li><p data-path-to-node=\"14,1,0\">Ett uttalande under straffansvar om att borttagningen skett p\u00e5 grund av felaktig identifiering.<\/p><\/li><li><p data-path-to-node=\"14,2,0\">Ditt namn, adress och kontaktuppgifter.<\/p><\/li><li><p data-path-to-node=\"14,3,0\">Din signatur.<\/p><\/li><\/ul><h3 data-path-to-node=\"15\"><b data-path-to-node=\"15\" data-index-in-node=\"0\">4. \u00c5terkommande \u00f6vertr\u00e4delser<\/b><\/h3><p data-path-to-node=\"16\">Vi f\u00f6rbeh\u00e5ller oss r\u00e4tten att st\u00e4nga av konton tillh\u00f6rande anv\u00e4ndare som vid upprepade tillf\u00e4llen bryter mot upphovsr\u00e4ttslagar.<\/p><h3 data-path-to-node=\"17\"><b data-path-to-node=\"17\" data-index-in-node=\"0\">5. Ansvar vid felaktig information<\/b><\/h3><p data-path-to-node=\"18\">Observera att enligt g\u00e4llande lagstiftning kan den som medvetet l\u00e4mnar felaktig information om upphovsr\u00e4ttsintr\u00e5ng h\u00e5llas ansvarig f\u00f6r skadest\u00e5nd.<\/p><h3 data-path-to-node=\"19\"><b data-path-to-node=\"19\" data-index-in-node=\"0\">6. \u00c4ndringar i denna policy<\/b><\/h3><p data-path-to-node=\"20\">Vi kan komma att uppdatera denna DMCA-policy fr\u00e5n tid till annan. Eventuella \u00e4ndringar tr\u00e4der i kraft omedelbart vid publicering p\u00e5 denna sida.<\/p>\t\t\t\t\t\t\t\t<\/div>\n\t\t\t\t\t<\/div>\n\t\t\t\t<\/div>\n\t\t\t\t<\/div>\n\t\t","protected":false},"excerpt":{"rendered":"<p>Nordic IPTV-DMCA-policy Denna policy f\u00f6r Digital Millennium Copyright Act (DMCA) beskriver de f\u00f6rfaranden vi f\u00f6ljer f\u00f6r att hantera anspr\u00e5k p\u00e5 [&hellip;]<\/p>\n","protected":false},"author":1,"featured_media":0,"parent":0,"menu_order":0,"comment_status":"closed","ping_status":"closed","template":"elementor_header_footer","meta":{"_uag_custom_page_level_css":"","site-sidebar-layout":"no-sidebar","site-content-layout":"","ast-site-content-layout":"full-width-container","site-content-style":"default","site-sidebar-style":"default","ast-global-header-display":"","ast-banner-title-visibility":"","ast-main-header-display":"","ast-hfb-above-header-display":"","ast-hfb-below-header-display":"","ast-hfb-mobile-header-display":"","site-post-title":"","ast-breadcrumbs-content":"","ast-featured-img":"disabled","footer-sml-layout":"","ast-disable-related-posts":"","theme-transparent-header-meta":"","adv-header-id-meta":"","stick-header-meta":"","header-above-stick-meta":"","header-main-stick-meta":"","header-below-stick-meta":"","astra-migrate-meta-layouts":"default","ast-page-background-enabled":"default","ast-page-background-meta":{"desktop":{"background-color":"var(--ast-global-color-5)","background-image":"","background-repeat":"repeat","background-position":"center center","background-size":"auto","background-attachment":"scroll","background-type":"","background-media":"","overlay-type":"","overlay-color":"","overlay-opacity":"","overlay-gradient":""},"tablet":{"background-color":"","background-image":"","background-repeat":"repeat","background-position":"center center","background-size":"auto","background-attachment":"scroll","background-type":"","background-media":"","overlay-type":"","overlay-color":"","overlay-opacity":"","overlay-gradient":""},"mobile":{"background-color":"","background-image":"","background-repeat":"repeat","background-position":"center center","background-size":"auto","background-attachment":"scroll","background-type":"","background-media":"","overlay-type":"","overlay-color":"","overlay-opacity":"","overlay-gradient":""}},"ast-content-background-meta":{"desktop":{"background-color":"var(--ast-global-color-4)","background-image":"","background-repeat":"repeat","background-position":"center center","background-size":"auto","background-attachment":"scroll","background-type":"","background-media":"","overlay-type":"","overlay-color":"","overlay-opacity":"","overlay-gradient":""},"tablet":{"background-color":"var(--ast-global-color-4)","background-image":"","background-repeat":"repeat","background-position":"center center","background-size":"auto","background-attachment":"scroll","background-type":"","background-media":"","overlay-type":"","overlay-color":"","overlay-opacity":"","overlay-gradient":""},"mobile":{"background-color":"var(--ast-global-color-4)","background-image":"","background-repeat":"repeat","background-position":"center center","background-size":"auto","background-attachment":"scroll","background-type":"","background-media":"","overlay-type":"","overlay-color":"","overlay-opacity":"","overlay-gradient":""}},"footnotes":""},"class_list":["post-327","page","type-page","status-publish","hentry"],"uagb_featured_image_src":{"full":false,"thumbnail":false,"medium":false,"medium_large":false,"large":false,"1536x1536":false,"2048x2048":false,"woocommerce_thumbnail":false,"woocommerce_single":false,"woocommerce_gallery_thumbnail":false},"uagb_author_info":{"display_name":"lahsenmadara@gmail.com","author_link":"https:\/\/nordic-iptv.eu\/se\/author\/lahsenmadaragmail-com\/"},"uagb_comment_info":0,"uagb_excerpt":"Nordic IPTV-DMCA-policy Denna policy f\u00f6r Digital Millennium Copyright Act (DMCA) beskriver de f\u00f6rfaranden vi f\u00f6ljer f\u00f6r att hantera anspr\u00e5k p\u00e5 [&hellip;]","jetpack_sharing_enabled":true,"_links":{"self":[{"href":"https:\/\/nordic-iptv.eu\/se\/wp-json\/wp\/v2\/pages\/327","targetHints":{"allow":["GET"]}}],"collection":[{"href":"https:\/\/nordic-iptv.eu\/se\/wp-json\/wp\/v2\/pages"}],"about":[{"href":"https:\/\/nordic-iptv.eu\/se\/wp-json\/wp\/v2\/types\/page"}],"author":[{"embeddable":true,"href":"https:\/\/nordic-iptv.eu\/se\/wp-json\/wp\/v2\/users\/1"}],"replies":[{"embeddable":true,"href":"https:\/\/nordic-iptv.eu\/se\/wp-json\/wp\/v2\/comments?post=327"}],"version-history":[{"count":4,"href":"https:\/\/nordic-iptv.eu\/se\/wp-json\/wp\/v2\/pages\/327\/revisions"}],"predecessor-version":[{"id":331,"href":"https:\/\/nordic-iptv.eu\/se\/wp-json\/wp\/v2\/pages\/327\/revisions\/331"}],"wp:attachment":[{"href":"https:\/\/nordic-iptv.eu\/se\/wp-json\/wp\/v2\/media?parent=327"}],"curies":[{"name":"wp","href":"https:\/\/api.w.org\/{rel}","templated":true}]}}